{"id":178,"date":"2021-01-15T03:34:33","date_gmt":"2021-01-15T06:34:33","guid":{"rendered":"http:\/\/arthurts.com.br\/bruce\/?page_id=2"},"modified":"2022-07-25T20:35:39","modified_gmt":"2022-07-25T20:35:39","slug":"recursosparaatores","status":"publish","type":"page","link":"https:\/\/bruceducat.com\/en\/recursosparaatores","title":{"rendered":"Recursos para Atores"},"content":{"rendered":"<p>[et_pb_section fb_built=&#8221;1&#8243; admin_label=&#8221;section&#8221; _builder_version=&#8221;3.22&#8243; min_height=&#8221;3403.9px&#8221; da_disable_devices=&#8221;off|off|off&#8221; da_is_popup=&#8221;off&#8221; da_exit_intent=&#8221;off&#8221; da_has_close=&#8221;on&#8221; da_alt_close=&#8221;off&#8221; da_dark_close=&#8221;off&#8221; da_not_modal=&#8221;on&#8221; da_is_singular=&#8221;off&#8221; da_with_loader=&#8221;off&#8221; da_has_shadow=&#8221;on&#8221;][et_pb_row admin_label=&#8221;row&#8221; _builder_version=&#8221;4.9.0&#8243; background_size=&#8221;initial&#8221; background_position=&#8221;top_left&#8221; background_repeat=&#8221;repeat&#8221; width=&#8221;100%&#8221; min_height=&#8221;91px&#8221; custom_margin=&#8221;|auto|136px|auto||&#8221;][et_pb_column type=&#8221;4_4&#8243; _builder_version=&#8221;3.25&#8243; custom_padding=&#8221;|||&#8221; custom_padding__hover=&#8221;|||&#8221;][et_pb_text _builder_version=&#8221;4.9.0&#8243; _module_preset=&#8221;default&#8221; text_font=&#8221;|800|||||||&#8221; text_text_color=&#8221;#790085&#8243; text_font_size=&#8221;44px&#8221; text_line_height=&#8221;1em&#8221; header_font_size=&#8221;1px&#8221; background_enable_image=&#8221;off&#8221; background_position=&#8221;top_center&#8221; text_orientation=&#8221;center&#8221; width=&#8221;100%&#8221; max_width=&#8221;100%&#8221; min_height=&#8221;148px&#8221; height=&#8221;100px&#8221; max_height=&#8221;1000px&#8221; custom_margin=&#8221;||-12px|||&#8221; custom_padding=&#8221;||0px|||&#8221;]<\/p>\n<p style=\"text-align: center;\">Recursos<\/p>\n<p style=\"text-align: center;\"><span style=\"color: #ffcc00; font-size: 44px;\">para Atores<\/span><\/p>\n<p>[\/et_pb_text][\/et_pb_column][\/et_pb_row][et_pb_row column_structure=&#8221;1_2,1_2&#8243; _builder_version=&#8221;4.9.0&#8243; _module_preset=&#8221;default&#8221; min_height=&#8221;495px&#8221; custom_margin=&#8221;-134px|auto|35px|auto||&#8221; custom_padding=&#8221;||88px|||&#8221;][et_pb_column type=&#8221;1_2&#8243; _builder_version=&#8221;4.9.0&#8243; _module_preset=&#8221;default&#8221;][et_pb_text _builder_version=&#8221;4.9.0&#8243; _module_preset=&#8221;default&#8221; text_font=&#8221;|700|||||||&#8221; text_text_color=&#8221;#790085&#8243; text_font_size=&#8221;31px&#8221; background_enable_image=&#8221;off&#8221; background_position=&#8221;center_left&#8221; min_height=&#8221;29.6px&#8221; custom_margin=&#8221;-3px|||||&#8221;]<\/p>\n<p>Reels de Atua\u00e7\u00e3o<\/p>\n<p>&nbsp;<\/p>\n<p>[\/et_pb_text][et_pb_video src=&#8221;https:\/\/bruceducat.com\/wp-content\/uploads\/2022\/05\/VID-20220529-WA0003.mp4&#8243; _builder_version=&#8221;4.9.0&#8243; _module_preset=&#8221;default&#8221;][\/et_pb_video][\/et_pb_column][et_pb_column type=&#8221;1_2&#8243; _builder_version=&#8221;4.9.0&#8243; _module_preset=&#8221;default&#8221;][et_pb_text _builder_version=&#8221;4.9.0&#8243; _module_preset=&#8221;default&#8221; text_font=&#8221;|700|||||||&#8221; text_text_color=&#8221;#790085&#8243; text_font_size=&#8221;31px&#8221; text_line_height=&#8221;1.4em&#8221; text_orientation=&#8221;center&#8221; width=&#8221;100%&#8221; max_width=&#8221;100%&#8221; module_alignment=&#8221;center&#8221; min_height=&#8221;100px&#8221; custom_margin=&#8221;||110px|||&#8221; custom_padding=&#8221;90px|||||&#8221; scroll_horizontal_motion=&#8221;37|50|50|77|4|0|-4&#8243;]<\/p>\n<p>Quem \u00e9 Fabio Ortolan?<\/p>\n<p>[\/et_pb_text][et_pb_text _builder_version=&#8221;4.9.0&#8243; _module_preset=&#8221;default&#8221; text_font_size=&#8221;19px&#8221; custom_margin=&#8221;-68px|||||&#8221;]<\/p>\n<p>Fabio Ortolan \u00e9 um cineasta e diretor de fotografia, estudou em uma das escolas de cinema mais proeminentes da It\u00e1lia e dentre todos os seus trabalhos, ele produz Reels de atua\u00e7\u00e3o. O Reelbook mostra o\u00a0<span>ator em cenas de qualidade cinematogr\u00e1fica\u00a0com ambienta\u00e7\u00e3o, excelente ilumina\u00e7\u00e3o e caracteriza\u00e7\u00e3o.\u00a0<\/span><\/p>\n<p><span>Clique na imagem abaixo para ser direcionado ao site dele. L\u00e1 voc\u00ea entender\u00e1 o significado e a import\u00e2ncia do Reels para a carreira de um ator, al\u00e9m de poder assistir alguns dos trabalhos do Fabio.<\/span><\/p>\n<p>[\/et_pb_text][et_pb_image src=&#8221;https:\/\/bruceducat.com\/wp-content\/uploads\/2022\/05\/fabio-or.jpg&#8221; title_text=&#8221;fabio or&#8221; url=&#8221;https:\/\/fabioortolan.art.br\/reelbook&#8221; url_new_window=&#8221;on&#8221; align=&#8221;center&#8221; _builder_version=&#8221;4.9.0&#8243; _module_preset=&#8221;default&#8221; background_color=&#8221;#003047&#8243; width=&#8221;50%&#8221; scroll_fade=&#8221;0|49|49|100|0|100|100&#8243; scroll_scaling_enable=&#8221;on&#8221; scroll_blur=&#8221;0|40|52|100|10|0|0&#8243;][\/et_pb_image][\/et_pb_column][\/et_pb_row][et_pb_row _builder_version=&#8221;4.9.0&#8243; _module_preset=&#8221;default&#8221;][et_pb_column type=&#8221;4_4&#8243; _builder_version=&#8221;4.9.0&#8243; _module_preset=&#8221;default&#8221;][et_pb_text _builder_version=&#8221;4.9.0&#8243; _module_preset=&#8221;default&#8221; text_font=&#8221;|700|||||||&#8221; text_text_color=&#8221;#790085&#8243; text_font_size=&#8221;30px&#8221; min_height=&#8221;70.8px&#8221;]<\/p>\n<p>Roteiros para Aulas<\/p>\n<p>[\/et_pb_text][et_pb_blog fullwidth=&#8221;off&#8221; posts_number=&#8221;4&#8243; include_categories=&#8221;91&#8243; show_author=&#8221;off&#8221; show_date=&#8221;off&#8221; show_categories=&#8221;off&#8221; _builder_version=&#8221;4.9.0&#8243; _module_preset=&#8221;default&#8221; pagination_font_size=&#8221;1px&#8221; width=&#8221;100%&#8221; max_width=&#8221;100%&#8221; min_height=&#8221;158.9px&#8221; custom_margin=&#8221;18px||-162px|||&#8221;][\/et_pb_blog][\/et_pb_column][\/et_pb_row][et_pb_row _builder_version=&#8221;4.9.0&#8243; _module_preset=&#8221;default&#8221; min_height=&#8221;453.6px&#8221; hover_enabled=&#8221;0&#8243; sticky_enabled=&#8221;0&#8243;][et_pb_column type=&#8221;4_4&#8243; _builder_version=&#8221;4.9.0&#8243; _module_preset=&#8221;default&#8221;][et_pb_text _builder_version=&#8221;4.9.0&#8243; _module_preset=&#8221;default&#8221; text_font=&#8221;|700|||||||&#8221; text_text_color=&#8221;#790085&#8243; text_font_size=&#8221;30px&#8221; min_height=&#8221;77.8px&#8221; custom_padding=&#8221;||0px|||&#8221;]<\/p>\n<p>Voz e Fala<\/p>\n<p>[\/et_pb_text][et_pb_blog include_categories=&#8221;92&#8243; show_author=&#8221;off&#8221; show_date=&#8221;off&#8221; show_categories=&#8221;off&#8221; _builder_version=&#8221;4.9.0&#8243; _module_preset=&#8221;default&#8221; min_height=&#8221;160.6px&#8221; hover_enabled=&#8221;0&#8243; show_more=&#8221;on&#8221; fullwidth=&#8221;off&#8221; sticky_enabled=&#8221;0&#8243;][\/et_pb_blog][\/et_pb_column][\/et_pb_row][et_pb_row _builder_version=&#8221;4.9.0&#8243; _module_preset=&#8221;default&#8221; min_height=&#8221;260.3px&#8221; custom_margin=&#8221;-186px|auto||auto||&#8221;][et_pb_column type=&#8221;4_4&#8243; _builder_version=&#8221;4.9.0&#8243; _module_preset=&#8221;default&#8221;][et_pb_text _builder_version=&#8221;4.9.0&#8243; _module_preset=&#8221;default&#8221; text_font=&#8221;|700|||||||&#8221; text_text_color=&#8221;#790085&#8243; text_font_size=&#8221;30px&#8221; text_line_height=&#8221;1.8em&#8221; min_height=&#8221;127.8px&#8221; custom_margin=&#8221;95px|||||&#8221;]<\/p>\n<p style=\"text-align: center;\">Recomenda\u00e7\u00f5es de Livros<\/p>\n<p>[\/et_pb_text][et_pb_blog fullwidth=&#8221;off&#8221; posts_number=&#8221;4&#8243; include_categories=&#8221;94&#8243; show_author=&#8221;off&#8221; show_date=&#8221;off&#8221; show_categories=&#8221;off&#8221; _builder_version=&#8221;4.9.0&#8243; _module_preset=&#8221;default&#8221;][\/et_pb_blog][\/et_pb_column][\/et_pb_row][\/et_pb_section][et_pb_section fb_built=&#8221;1&#8243; _builder_version=&#8221;4.9.0&#8243; _module_preset=&#8221;default&#8221; min_height=&#8221;169.8px&#8221; custom_margin=&#8221;-141px||-89px|||&#8221; da_disable_devices=&#8221;off|off|off&#8221; da_is_popup=&#8221;off&#8221; da_exit_intent=&#8221;off&#8221; da_has_close=&#8221;on&#8221; da_alt_close=&#8221;off&#8221; da_dark_close=&#8221;off&#8221; da_not_modal=&#8221;on&#8221; da_is_singular=&#8221;off&#8221; da_with_loader=&#8221;off&#8221; da_has_shadow=&#8221;on&#8221;][et_pb_row _builder_version=&#8221;4.9.0&#8243; _module_preset=&#8221;default&#8221; custom_margin=&#8221;-208px|auto||auto||&#8221;][et_pb_column type=&#8221;4_4&#8243; _builder_version=&#8221;4.9.0&#8243; _module_preset=&#8221;default&#8221;][et_pb_text _builder_version=&#8221;4.9.0&#8243; _module_preset=&#8221;default&#8221; text_font=&#8221;|700|||||||&#8221; text_text_color=&#8221;#790085&#8243; text_font_size=&#8221;30px&#8221;]<\/p>\n<p style=\"text-align: center;\">Aprenda Com Os Melhores Atores Brasileiros<\/p>\n<p>[\/et_pb_text][\/et_pb_column][\/et_pb_row][\/et_pb_section][et_pb_section fb_built=&#8221;1&#8243; _builder_version=&#8221;4.9.0&#8243; _module_preset=&#8221;default&#8221; min_height=&#8221;265px&#8221; da_disable_devices=&#8221;off|off|off&#8221; da_is_popup=&#8221;off&#8221; da_exit_intent=&#8221;off&#8221; da_has_close=&#8221;on&#8221; da_alt_close=&#8221;off&#8221; da_dark_close=&#8221;off&#8221; da_not_modal=&#8221;on&#8221; da_is_singular=&#8221;off&#8221; da_with_loader=&#8221;off&#8221; da_has_shadow=&#8221;on&#8221;][et_pb_row column_structure=&#8221;1_4,1_4,1_4,1_4&#8243; make_equal=&#8221;on&#8221; _builder_version=&#8221;4.9.0&#8243; _module_preset=&#8221;default&#8221; width=&#8221;92%&#8221; max_width=&#8221;1532px&#8221; min_height=&#8221;125px&#8221;][et_pb_column type=&#8221;1_4&#8243; _builder_version=&#8221;4.9.0&#8243; _module_preset=&#8221;default&#8221;][et_pb_video src=&#8221;https:\/\/www.youtube.com\/watch?v=whAXIqNPvnk&#8221; _builder_version=&#8221;4.9.0&#8243; _module_preset=&#8221;default&#8221;][\/et_pb_video][\/et_pb_column][et_pb_column type=&#8221;1_4&#8243; _builder_version=&#8221;4.9.0&#8243; _module_preset=&#8221;default&#8221;][et_pb_video src=&#8221;http:\/\/www.youtube.com\/watch?v=-1Z6IyHnVuU&#8221; _builder_version=&#8221;4.9.0&#8243; _module_preset=&#8221;default&#8221;][\/et_pb_video][\/et_pb_column][et_pb_column type=&#8221;1_4&#8243; _builder_version=&#8221;4.9.0&#8243; _module_preset=&#8221;default&#8221;][et_pb_video src=&#8221;https:\/\/www.youtube.com\/watch?v=yJxvfP4Vxcg&#8221; _builder_version=&#8221;4.9.0&#8243; _module_preset=&#8221;default&#8221;][\/et_pb_video][\/et_pb_column][et_pb_column type=&#8221;1_4&#8243; _builder_version=&#8221;4.9.0&#8243; _module_preset=&#8221;default&#8221;][et_pb_video src=&#8221;https:\/\/www.youtube.com\/watch?v=NjOb46Ha0k4&#8243; _builder_version=&#8221;4.9.0&#8243; _module_preset=&#8221;default&#8221;][\/et_pb_video][\/et_pb_column][\/et_pb_row][\/et_pb_section]<\/p>","protected":false},"excerpt":{"rendered":"<p>[et_pb_section fb_built=&#8221;1&#8243; admin_label=&#8221;section&#8221; _builder_version=&#8221;3.22&#8243; min_height=&#8221;3403.9px&#8221; da_disable_devices=&#8221;off|off|off&#8221; da_is_popup=&#8221;off&#8221; da_exit_intent=&#8221;off&#8221; da_has_close=&#8221;on&#8221; da_alt_close=&#8221;off&#8221; da_dark_close=&#8221;off&#8221; da_not_modal=&#8221;on&#8221; da_is_singular=&#8221;off&#8221; da_with_loader=&#8221;off&#8221; da_has_shadow=&#8221;on&#8221;][et_pb_row admin_label=&#8221;row&#8221; _builder_version=&#8221;4.9.0&#8243; background_size=&#8221;initial&#8221; background_position=&#8221;top_left&#8221; background_repeat=&#8221;repeat&#8221; width=&#8221;100%&#8221; min_height=&#8221;91px&#8221; custom_margin=&#8221;|auto|136px|auto||&#8221;][et_pb_column type=&#8221;4_4&#8243; _builder_version=&#8221;3.25&#8243; custom_padding=&#8221;|||&#8221; custom_padding__hover=&#8221;|||&#8221;][et_pb_text _builder_version=&#8221;4.9.0&#8243; _module_preset=&#8221;default&#8221; text_font=&#8221;|800|||||||&#8221; text_text_color=&#8221;#790085&#8243; text_font_size=&#8221;44px&#8221; text_line_height=&#8221;1em&#8221; header_font_size=&#8221;1px&#8221; background_enable_image=&#8221;off&#8221; background_position=&#8221;top_center&#8221; text_orientation=&#8221;center&#8221; width=&#8221;100%&#8221; max_width=&#8221;100%&#8221; min_height=&#8221;148px&#8221; height=&#8221;100px&#8221; max_height=&#8221;1000px&#8221; custom_margin=&#8221;||-12px|||&#8221; custom_padding=&#8221;||0px|||&#8221;] Recursos para Atores [\/et_pb_text][\/et_pb_column][\/et_pb_row][et_pb_row column_structure=&#8221;1_2,1_2&#8243; _builder_version=&#8221;4.9.0&#8243; _module_preset=&#8221;default&#8221; min_height=&#8221;495px&#8221; custom_margin=&#8221;-134px|auto|35px|auto||&#8221; custom_padding=&#8221;||88px|||&#8221;][et_pb_column type=&#8221;1_2&#8243; [&hellip;]<\/p>","protected":false},"author":1,"featured_media":0,"parent":0,"menu_order":0,"comment_status":"closed","ping_status":"open","template":"","meta":{"_et_pb_use_builder":"on","_et_pb_old_content":"<!-- wp:paragraph -->\r\n<p>Esta \u00e9 uma p\u00e1gina de exemplo. \u00c9 diferente de um post no blog porque ela permanecer\u00e1 em um lugar e aparecer\u00e1 na navega\u00e7\u00e3o do seu site na maioria dos temas. Muitas pessoas come\u00e7am com uma p\u00e1gina que as apresenta a poss\u00edveis visitantes do site. Ela pode dizer algo assim:<\/p>\r\n<!-- \/wp:paragraph -->\r\n\r\n<!-- wp:quote -->\r\n<blockquote class=\"wp-block-quote\"><p>Ol\u00e1! Eu sou um mensageiro de bicicleta durante o dia, ator aspirante \u00e0 noite, e este \u00e9 o meu site. Eu moro em S\u00e3o Paulo, tenho um grande cachorro chamado Rex e gosto de tomar caipirinha (e banhos de chuva).<\/p><\/blockquote>\r\n<!-- \/wp:quote -->\r\n\r\n<!-- wp:paragraph -->\r\n<p>...ou alguma coisa assim:<\/p>\r\n<!-- \/wp:paragraph -->\r\n\r\n<!-- wp:quote -->\r\n<blockquote class=\"wp-block-quote\"><p>A Companhia de Miniaturas XYZ foi fundada em 1971, e desde ent\u00e3o tem fornecido miniaturas de qualidade ao p\u00fablico. Localizada na cidade de Itu, a XYZ emprega mais de 2.000 pessoas e faz coisas grandiosas para a comunidade da cidade.<\/p><\/blockquote>\r\n<!-- \/wp:quote -->\r\n\r\n<!-- wp:paragraph -->\r\n<p>Como um novo usu\u00e1rio do WordPress, voc\u00ea deveria ir ao <a href=\"http:\/\/arthurts.com.br\/bruce\/wp-admin\/\">painel<\/a> para excluir essa p\u00e1gina e criar novas p\u00e1ginas para o seu conte\u00fado. Divirta-se!<\/p>\r\n<!-- \/wp:paragraph -->","_et_gb_content_width":"","_monsterinsights_skip_tracking":false,"_monsterinsights_sitenote_active":false,"_monsterinsights_sitenote_note":"","_monsterinsights_sitenote_category":0,"footnotes":""},"class_list":["post-178","page","type-page","status-publish","hentry"],"yoast_head":"<!-- This site is optimized with the Yoast SEO plugin v26.9 - https:\/\/yoast.com\/product\/yoast-seo-wordpress\/ -->\n<title>Recursos para Atores - Bruce Ducat<\/title>\n<meta name=\"robots\" content=\"index, follow, max-snippet:-1, max-image-preview:large, max-video-preview:-1\" \/>\n<link rel=\"canonical\" href=\"https:\/\/bruceducat.com\/en\/recursosparaatores\/\" \/>\n<meta property=\"og:locale\" content=\"en_US\" \/>\n<meta property=\"og:type\" content=\"article\" \/>\n<meta property=\"og:title\" content=\"Recursos para Atores - Bruce Ducat\" \/>\n<meta property=\"og:description\" content=\"[et_pb_section fb_built=&#8221;1&#8243; admin_label=&#8221;section&#8221; _builder_version=&#8221;3.22&#8243; min_height=&#8221;3403.9px&#8221; da_disable_devices=&#8221;off|off|off&#8221; da_is_popup=&#8221;off&#8221; da_exit_intent=&#8221;off&#8221; da_has_close=&#8221;on&#8221; da_alt_close=&#8221;off&#8221; da_dark_close=&#8221;off&#8221; da_not_modal=&#8221;on&#8221; da_is_singular=&#8221;off&#8221; da_with_loader=&#8221;off&#8221; da_has_shadow=&#8221;on&#8221;][et_pb_row admin_label=&#8221;row&#8221; _builder_version=&#8221;4.9.0&#8243; background_size=&#8221;initial&#8221; background_position=&#8221;top_left&#8221; background_repeat=&#8221;repeat&#8221; width=&#8221;100%&#8221; min_height=&#8221;91px&#8221; custom_margin=&#8221;|auto|136px|auto||&#8221;][et_pb_column type=&#8221;4_4&#8243; _builder_version=&#8221;3.25&#8243; custom_padding=&#8221;|||&#8221; custom_padding__hover=&#8221;|||&#8221;][et_pb_text _builder_version=&#8221;4.9.0&#8243; _module_preset=&#8221;default&#8221; text_font=&#8221;|800|||||||&#8221; text_text_color=&#8221;#790085&#8243; text_font_size=&#8221;44px&#8221; text_line_height=&#8221;1em&#8221; header_font_size=&#8221;1px&#8221; background_enable_image=&#8221;off&#8221; background_position=&#8221;top_center&#8221; text_orientation=&#8221;center&#8221; width=&#8221;100%&#8221; max_width=&#8221;100%&#8221; min_height=&#8221;148px&#8221; height=&#8221;100px&#8221; max_height=&#8221;1000px&#8221; custom_margin=&#8221;||-12px|||&#8221; custom_padding=&#8221;||0px|||&#8221;] Recursos para Atores [\/et_pb_text][\/et_pb_column][\/et_pb_row][et_pb_row column_structure=&#8221;1_2,1_2&#8243; _builder_version=&#8221;4.9.0&#8243; _module_preset=&#8221;default&#8221; min_height=&#8221;495px&#8221; custom_margin=&#8221;-134px|auto|35px|auto||&#8221; custom_padding=&#8221;||88px|||&#8221;][et_pb_column type=&#8221;1_2&#8243; [&hellip;]\" \/>\n<meta property=\"og:url\" content=\"https:\/\/bruceducat.com\/en\/recursosparaatores\/\" \/>\n<meta property=\"og:site_name\" content=\"Bruce Ducat\" \/>\n<meta property=\"article:modified_time\" content=\"2022-07-25T20:35:39+00:00\" \/>\n<meta name=\"twitter:card\" content=\"summary_large_image\" \/>\n<meta name=\"twitter:label1\" content=\"Est. reading time\" \/>\n\t<meta name=\"twitter:data1\" content=\"5 minutes\" \/>\n<script type=\"application\/ld+json\" class=\"yoast-schema-graph\">{\"@context\":\"https:\/\/schema.org\",\"@graph\":[{\"@type\":\"WebPage\",\"@id\":\"https:\/\/bruceducat.com\/recursosparaatores\",\"url\":\"https:\/\/bruceducat.com\/recursosparaatores\",\"name\":\"Recursos para Atores - Bruce Ducat\",\"isPartOf\":{\"@id\":\"https:\/\/bruceducat.com\/#website\"},\"datePublished\":\"2021-01-15T06:34:33+00:00\",\"dateModified\":\"2022-07-25T20:35:39+00:00\",\"breadcrumb\":{\"@id\":\"https:\/\/bruceducat.com\/recursosparaatores#breadcrumb\"},\"inLanguage\":\"en-US\",\"potentialAction\":[{\"@type\":\"ReadAction\",\"target\":[\"https:\/\/bruceducat.com\/recursosparaatores\"]}]},{\"@type\":\"BreadcrumbList\",\"@id\":\"https:\/\/bruceducat.com\/recursosparaatores#breadcrumb\",\"itemListElement\":[{\"@type\":\"ListItem\",\"position\":1,\"name\":\"Home\",\"item\":\"https:\/\/bruceducat.com\/\"},{\"@type\":\"ListItem\",\"position\":2,\"name\":\"Recursos para Atores\"}]},{\"@type\":\"WebSite\",\"@id\":\"https:\/\/bruceducat.com\/#website\",\"url\":\"https:\/\/bruceducat.com\/\",\"name\":\"Bruce Ducat\",\"description\":\"Actors Studio\",\"potentialAction\":[{\"@type\":\"SearchAction\",\"target\":{\"@type\":\"EntryPoint\",\"urlTemplate\":\"https:\/\/bruceducat.com\/?s={search_term_string}\"},\"query-input\":{\"@type\":\"PropertyValueSpecification\",\"valueRequired\":true,\"valueName\":\"search_term_string\"}}],\"inLanguage\":\"en-US\"}]}<\/script>\n<!-- \/ Yoast SEO plugin. -->","yoast_head_json":{"title":"Recursos para Atores - Bruce Ducat","robots":{"index":"index","follow":"follow","max-snippet":"max-snippet:-1","max-image-preview":"max-image-preview:large","max-video-preview":"max-video-preview:-1"},"canonical":"https:\/\/bruceducat.com\/en\/recursosparaatores\/","og_locale":"en_US","og_type":"article","og_title":"Recursos para Atores - Bruce Ducat","og_description":"[et_pb_section fb_built=&#8221;1&#8243; admin_label=&#8221;section&#8221; _builder_version=&#8221;3.22&#8243; min_height=&#8221;3403.9px&#8221; da_disable_devices=&#8221;off|off|off&#8221; da_is_popup=&#8221;off&#8221; da_exit_intent=&#8221;off&#8221; da_has_close=&#8221;on&#8221; da_alt_close=&#8221;off&#8221; da_dark_close=&#8221;off&#8221; da_not_modal=&#8221;on&#8221; da_is_singular=&#8221;off&#8221; da_with_loader=&#8221;off&#8221; da_has_shadow=&#8221;on&#8221;][et_pb_row admin_label=&#8221;row&#8221; _builder_version=&#8221;4.9.0&#8243; background_size=&#8221;initial&#8221; background_position=&#8221;top_left&#8221; background_repeat=&#8221;repeat&#8221; width=&#8221;100%&#8221; min_height=&#8221;91px&#8221; custom_margin=&#8221;|auto|136px|auto||&#8221;][et_pb_column type=&#8221;4_4&#8243; _builder_version=&#8221;3.25&#8243; custom_padding=&#8221;|||&#8221; custom_padding__hover=&#8221;|||&#8221;][et_pb_text _builder_version=&#8221;4.9.0&#8243; _module_preset=&#8221;default&#8221; text_font=&#8221;|800|||||||&#8221; text_text_color=&#8221;#790085&#8243; text_font_size=&#8221;44px&#8221; text_line_height=&#8221;1em&#8221; header_font_size=&#8221;1px&#8221; background_enable_image=&#8221;off&#8221; background_position=&#8221;top_center&#8221; text_orientation=&#8221;center&#8221; width=&#8221;100%&#8221; max_width=&#8221;100%&#8221; min_height=&#8221;148px&#8221; height=&#8221;100px&#8221; max_height=&#8221;1000px&#8221; custom_margin=&#8221;||-12px|||&#8221; custom_padding=&#8221;||0px|||&#8221;] Recursos para Atores [\/et_pb_text][\/et_pb_column][\/et_pb_row][et_pb_row column_structure=&#8221;1_2,1_2&#8243; _builder_version=&#8221;4.9.0&#8243; _module_preset=&#8221;default&#8221; min_height=&#8221;495px&#8221; custom_margin=&#8221;-134px|auto|35px|auto||&#8221; custom_padding=&#8221;||88px|||&#8221;][et_pb_column type=&#8221;1_2&#8243; [&hellip;]","og_url":"https:\/\/bruceducat.com\/en\/recursosparaatores\/","og_site_name":"Bruce Ducat","article_modified_time":"2022-07-25T20:35:39+00:00","twitter_card":"summary_large_image","twitter_misc":{"Est. reading time":"5 minutes"},"schema":{"@context":"https:\/\/schema.org","@graph":[{"@type":"WebPage","@id":"https:\/\/bruceducat.com\/recursosparaatores","url":"https:\/\/bruceducat.com\/recursosparaatores","name":"Recursos para Atores - Bruce Ducat","isPartOf":{"@id":"https:\/\/bruceducat.com\/#website"},"datePublished":"2021-01-15T06:34:33+00:00","dateModified":"2022-07-25T20:35:39+00:00","breadcrumb":{"@id":"https:\/\/bruceducat.com\/recursosparaatores#breadcrumb"},"inLanguage":"en-US","potentialAction":[{"@type":"ReadAction","target":["https:\/\/bruceducat.com\/recursosparaatores"]}]},{"@type":"BreadcrumbList","@id":"https:\/\/bruceducat.com\/recursosparaatores#breadcrumb","itemListElement":[{"@type":"ListItem","position":1,"name":"Home","item":"https:\/\/bruceducat.com\/"},{"@type":"ListItem","position":2,"name":"Recursos para Atores"}]},{"@type":"WebSite","@id":"https:\/\/bruceducat.com\/#website","url":"https:\/\/bruceducat.com\/","name":"Bruce Ducat","description":"Actors Studio","potentialAction":[{"@type":"SearchAction","target":{"@type":"EntryPoint","urlTemplate":"https:\/\/bruceducat.com\/?s={search_term_string}"},"query-input":{"@type":"PropertyValueSpecification","valueRequired":true,"valueName":"search_term_string"}}],"inLanguage":"en-US"}]}},"_links":{"self":[{"href":"https:\/\/bruceducat.com\/en\/wp-json\/wp\/v2\/pages\/178","targetHints":{"allow":["GET"]}}],"collection":[{"href":"https:\/\/bruceducat.com\/en\/wp-json\/wp\/v2\/pages"}],"about":[{"href":"https:\/\/bruceducat.com\/en\/wp-json\/wp\/v2\/types\/page"}],"author":[{"embeddable":true,"href":"https:\/\/bruceducat.com\/en\/wp-json\/wp\/v2\/users\/1"}],"replies":[{"embeddable":true,"href":"https:\/\/bruceducat.com\/en\/wp-json\/wp\/v2\/comments?post=178"}],"version-history":[{"count":40,"href":"https:\/\/bruceducat.com\/en\/wp-json\/wp\/v2\/pages\/178\/revisions"}],"predecessor-version":[{"id":1245,"href":"https:\/\/bruceducat.com\/en\/wp-json\/wp\/v2\/pages\/178\/revisions\/1245"}],"wp:attachment":[{"href":"https:\/\/bruceducat.com\/en\/wp-json\/wp\/v2\/media?parent=178"}],"curies":[{"name":"wp","href":"https:\/\/api.w.org\/{rel}","templated":true}]}}